{"id":63925,"date":"2024-07-15T11:04:00","date_gmt":"2024-07-15T11:04:00","guid":{"rendered":"https:\/\/wordpress.zozothemes.com\/grankare\/?page_id=63925"},"modified":"2024-10-12T09:54:51","modified_gmt":"2024-10-12T09:54:51","slug":"recrutement","status":"publish","type":"page","link":"https:\/\/milleservices.sovemedia.com\/?page_id=63925","title":{"rendered":"Recrutement"},"content":{"rendered":"\t\t<div data-elementor-type=\"wp-page\" data-elementor-id=\"63925\" class=\"elementor elementor-63925\" data-elementor-post-type=\"page\">\n\t\t\t\t<div class=\"elementor-element elementor-element-6881e76e e-flex e-con-boxed e-con e-parent\" data-id=\"6881e76e\" data-element_type=\"container\" data-settings=\"{&quot;background_background&quot;:&quot;classic&quot;}\">\n\t\t\t\t\t<div class=\"e-con-inner\">\n\t\t\t\t<div class=\"elementor-element elementor-element-6821c9e6 elementor-widget elementor-widget-heading\" data-id=\"6821c9e6\" data-element_type=\"widget\" data-widget_type=\"heading.default\">\n\t\t\t\t<div class=\"elementor-widget-container\">\n\t\t\t<h2 class=\"elementor-heading-title elementor-size-default\">Notre \u00e9quipe<\/h2>\t\t<\/div>\n\t\t\t\t<\/div>\n\t\t\t\t<div class=\"elementor-element elementor-element-767ab8c3 elementor-widget elementor-widget-heading\" data-id=\"767ab8c3\" data-element_type=\"widget\" data-widget_type=\"heading.default\">\n\t\t\t\t<div class=\"elementor-widget-container\">\n\t\t\t<h5 class=\"elementor-heading-title elementor-size-default\">Chez MilleServices, notre \u00e9quipe est compos\u00e9e de professionnels qualifi\u00e9s, passionn\u00e9s et d\u00e9vou\u00e9s \u00e0 l'accompagnement des personnes \u00e2g\u00e9es et d\u00e9pendantes.<\/h5>\t\t<\/div>\n\t\t\t\t<\/div>\n\t\t<div class=\"elementor-element elementor-element-317e44d e-con-full e-flex e-con e-child\" data-id=\"317e44d\" data-element_type=\"container\">\n\t\t\t\t<div class=\"elementor-element elementor-element-2d24648f elementor-widget-tablet__width-initial elementor-widget-mobile__width-inherit elementor-widget__width-initial elementor-position-top elementor-widget elementor-widget-image-box\" data-id=\"2d24648f\" data-element_type=\"widget\" data-widget_type=\"image-box.default\">\n\t\t\t\t<div class=\"elementor-widget-container\">\n\t\t\t<div class=\"elementor-image-box-wrapper\"><figure class=\"elementor-image-box-img\"><img fetchpriority=\"high\" decoding=\"async\" width=\"800\" height=\"800\" src=\"https:\/\/milleservices.sovemedia.com\/wp-content\/uploads\/2024\/10\/1723233327418.jpg\" class=\"elementor-animation-grow attachment-full size-full wp-image-64045\" alt=\"\" srcset=\"https:\/\/milleservices.sovemedia.com\/wp-content\/uploads\/2024\/10\/1723233327418.jpg 800w, https:\/\/milleservices.sovemedia.com\/wp-content\/uploads\/2024\/10\/1723233327418-80x80.jpg 80w, https:\/\/milleservices.sovemedia.com\/wp-content\/uploads\/2024\/10\/1723233327418-768x768.jpg 768w\" sizes=\"(max-width: 800px) 100vw, 800px\" \/><\/figure><div class=\"elementor-image-box-content\"><h4 class=\"elementor-image-box-title\">Serge Metayer<\/h4><p class=\"elementor-image-box-description\">G\u00e9rant chez MILLE SERVICES<\/p><\/div><\/div>\t\t<\/div>\n\t\t\t\t<\/div>\n\t\t\t\t<div class=\"elementor-element elementor-element-4b05d220 elementor-widget-tablet__width-initial elementor-widget-mobile__width-inherit elementor-widget__width-initial elementor-position-top elementor-widget elementor-widget-image-box\" data-id=\"4b05d220\" data-element_type=\"widget\" data-widget_type=\"image-box.default\">\n\t\t\t\t<div class=\"elementor-widget-container\">\n\t\t\t<div class=\"elementor-image-box-wrapper\"><figure class=\"elementor-image-box-img\"><img decoding=\"async\" width=\"800\" height=\"800\" src=\"https:\/\/milleservices.sovemedia.com\/wp-content\/uploads\/2024\/10\/Antoine.jpg\" class=\"elementor-animation-grow attachment-full size-full wp-image-64074\" alt=\"\" srcset=\"https:\/\/milleservices.sovemedia.com\/wp-content\/uploads\/2024\/10\/Antoine.jpg 800w, https:\/\/milleservices.sovemedia.com\/wp-content\/uploads\/2024\/10\/Antoine-80x80.jpg 80w, https:\/\/milleservices.sovemedia.com\/wp-content\/uploads\/2024\/10\/Antoine-768x768.jpg 768w\" sizes=\"(max-width: 800px) 100vw, 800px\" \/><\/figure><div class=\"elementor-image-box-content\"><h4 class=\"elementor-image-box-title\">Antoine Metayer<\/h4><p class=\"elementor-image-box-description\">\u00c9tudiant \u00e0 l'IHECF de Chamb\u00e9ry<\/p><\/div><\/div>\t\t<\/div>\n\t\t\t\t<\/div>\n\t\t\t\t<div class=\"elementor-element elementor-element-1c3b9f17 elementor-widget-tablet__width-initial elementor-widget-mobile__width-inherit elementor-widget__width-initial elementor-position-top elementor-widget elementor-widget-image-box\" data-id=\"1c3b9f17\" data-element_type=\"widget\" data-widget_type=\"image-box.default\">\n\t\t\t\t<div class=\"elementor-widget-container\">\n\t\t\t<div class=\"elementor-image-box-wrapper\"><figure class=\"elementor-image-box-img\"><img decoding=\"async\" width=\"800\" height=\"800\" src=\"https:\/\/milleservices.sovemedia.com\/wp-content\/uploads\/2024\/10\/charlotte.jpg\" class=\"elementor-animation-grow attachment-full size-full wp-image-64075\" alt=\"\" srcset=\"https:\/\/milleservices.sovemedia.com\/wp-content\/uploads\/2024\/10\/charlotte.jpg 800w, https:\/\/milleservices.sovemedia.com\/wp-content\/uploads\/2024\/10\/charlotte-80x80.jpg 80w, https:\/\/milleservices.sovemedia.com\/wp-content\/uploads\/2024\/10\/charlotte-768x768.jpg 768w\" sizes=\"(max-width: 800px) 100vw, 800px\" \/><\/figure><div class=\"elementor-image-box-content\"><h4 class=\"elementor-image-box-title\">Charlotte Metayer<\/h4><p class=\"elementor-image-box-description\">\u00c9tudiante en Fac de droit \u00e0 Rennes<\/p><\/div><\/div>\t\t<\/div>\n\t\t\t\t<\/div>\n\t\t\t\t<\/div>\n\t\t<div class=\"elementor-element elementor-element-2dab33e7 e-con-full e-flex e-con e-child\" data-id=\"2dab33e7\" data-element_type=\"container\">\n\t\t\t\t<div class=\"elementor-element elementor-element-3e04757 elementor-widget-tablet__width-initial elementor-widget-mobile__width-inherit elementor-widget__width-initial elementor-position-top elementor-widget elementor-widget-image-box\" data-id=\"3e04757\" data-element_type=\"widget\" data-widget_type=\"image-box.default\">\n\t\t\t\t<div class=\"elementor-widget-container\">\n\t\t\t<div class=\"elementor-image-box-wrapper\"><figure class=\"elementor-image-box-img\"><img loading=\"lazy\" decoding=\"async\" width=\"560\" height=\"560\" src=\"https:\/\/milleservices.sovemedia.com\/wp-content\/uploads\/2024\/10\/Manon.jpg\" class=\"elementor-animation-grow attachment-full size-full wp-image-64079\" alt=\"\" srcset=\"https:\/\/milleservices.sovemedia.com\/wp-content\/uploads\/2024\/10\/Manon.jpg 560w, https:\/\/milleservices.sovemedia.com\/wp-content\/uploads\/2024\/10\/Manon-80x80.jpg 80w\" sizes=\"(max-width: 560px) 100vw, 560px\" \/><\/figure><div class=\"elementor-image-box-content\"><h4 class=\"elementor-image-box-title\">Manon Noezian<\/h4><p class=\"elementor-image-box-description\">coordinatrice d'agence<\/p><\/div><\/div>\t\t<\/div>\n\t\t\t\t<\/div>\n\t\t\t\t<div class=\"elementor-element elementor-element-77b17e3 elementor-widget-tablet__width-initial elementor-widget-mobile__width-inherit elementor-widget__width-initial elementor-position-top elementor-widget elementor-widget-image-box\" data-id=\"77b17e3\" data-element_type=\"widget\" data-widget_type=\"image-box.default\">\n\t\t\t\t<div class=\"elementor-widget-container\">\n\t\t\t<div class=\"elementor-image-box-wrapper\"><figure class=\"elementor-image-box-img\"><img loading=\"lazy\" decoding=\"async\" width=\"675\" height=\"675\" src=\"https:\/\/milleservices.sovemedia.com\/wp-content\/uploads\/2024\/10\/fanny_cleanup.png\" class=\"elementor-animation-grow attachment-full size-full wp-image-64076\" alt=\"\" srcset=\"https:\/\/milleservices.sovemedia.com\/wp-content\/uploads\/2024\/10\/fanny_cleanup.png 675w, https:\/\/milleservices.sovemedia.com\/wp-content\/uploads\/2024\/10\/fanny_cleanup-80x80.png 80w\" sizes=\"(max-width: 675px) 100vw, 675px\" \/><\/figure><div class=\"elementor-image-box-content\"><h4 class=\"elementor-image-box-title\">Fanny Dabernardi<\/h4><p class=\"elementor-image-box-description\">En alternance chez Mille Services<\/p><\/div><\/div>\t\t<\/div>\n\t\t\t\t<\/div>\n\t\t\t\t<div class=\"elementor-element elementor-element-2fadf01 elementor-widget-tablet__width-initial elementor-widget-mobile__width-inherit elementor-widget__width-initial elementor-position-top elementor-widget elementor-widget-image-box\" data-id=\"2fadf01\" data-element_type=\"widget\" data-widget_type=\"image-box.default\">\n\t\t\t\t<div class=\"elementor-widget-container\">\n\t\t\t<div class=\"elementor-image-box-wrapper\"><figure class=\"elementor-image-box-img\"><img loading=\"lazy\" decoding=\"async\" width=\"560\" height=\"560\" src=\"https:\/\/milleservices.sovemedia.com\/wp-content\/uploads\/2024\/10\/Isabelle.jpg\" class=\"elementor-animation-grow attachment-full size-full wp-image-64077\" alt=\"\" srcset=\"https:\/\/milleservices.sovemedia.com\/wp-content\/uploads\/2024\/10\/Isabelle.jpg 560w, https:\/\/milleservices.sovemedia.com\/wp-content\/uploads\/2024\/10\/Isabelle-80x80.jpg 80w\" sizes=\"(max-width: 560px) 100vw, 560px\" \/><\/figure><div class=\"elementor-image-box-content\"><h4 class=\"elementor-image-box-title\">Isabelle Miraoui<\/h4><p class=\"elementor-image-box-description\">Formatrice SST & geste et posture ind\u00e9pendante<\/p><\/div><\/div>\t\t<\/div>\n\t\t\t\t<\/div>\n\t\t\t\t<div class=\"elementor-element elementor-element-13de1b4b elementor-widget-tablet__width-initial elementor-widget-mobile__width-inherit elementor-widget__width-initial elementor-position-top elementor-widget elementor-widget-image-box\" data-id=\"13de1b4b\" data-element_type=\"widget\" data-widget_type=\"image-box.default\">\n\t\t\t\t<div class=\"elementor-widget-container\">\n\t\t\t<div class=\"elementor-image-box-wrapper\"><figure class=\"elementor-image-box-img\"><img loading=\"lazy\" decoding=\"async\" width=\"800\" height=\"800\" src=\"https:\/\/milleservices.sovemedia.com\/wp-content\/uploads\/2024\/10\/lana.jpg\" class=\"elementor-animation-grow attachment-full size-full wp-image-64078\" alt=\"\" srcset=\"https:\/\/milleservices.sovemedia.com\/wp-content\/uploads\/2024\/10\/lana.jpg 800w, https:\/\/milleservices.sovemedia.com\/wp-content\/uploads\/2024\/10\/lana-80x80.jpg 80w, https:\/\/milleservices.sovemedia.com\/wp-content\/uploads\/2024\/10\/lana-768x768.jpg 768w\" sizes=\"(max-width: 800px) 100vw, 800px\" \/><\/figure><div class=\"elementor-image-box-content\"><h4 class=\"elementor-image-box-title\">Lana Moireaud<\/h4><p class=\"elementor-image-box-description\">En alternance chez Mille Services<\/p><\/div><\/div>\t\t<\/div>\n\t\t\t\t<\/div>\n\t\t\t\t<\/div>\n\t\t\t\t\t<\/div>\n\t\t\t\t<\/div>\n\t\t\t\t<section class=\"elementor-section elementor-top-section elementor-element elementor-element-448dd364 elementor-section-content-middle elementor-section-full_width elementor-hidden-desktop elementor-hidden-tablet elementor-hidden-mobile elementor-section-height-default elementor-section-height-default\" data-id=\"448dd364\" data-element_type=\"section\">\n\t\t\t\t\t\t<div class=\"elementor-container elementor-column-gap-extended\">\n\t\t\t\t\t<div class=\"elementor-column elementor-col-100 elementor-top-column elementor-element elementor-element-433648c7\" data-id=\"433648c7\" data-element_type=\"column\">\n\t\t\t<div class=\"elementor-widget-wrap elementor-element-populated\">\n\t\t\t\t\t\t<div class=\"elementor-element elementor-element-3edc974e cea-align-center elementor-widget elementor-widget-ceasectiontitle\" data-id=\"3edc974e\" data-element_type=\"widget\" data-widget_type=\"ceasectiontitle.default\">\n\t\t\t\t<div class=\"elementor-widget-container\">\n\t\t\t<div class=\"section-title-wrapper\"><div class=\"title-wrap\"><p class=\"sub-title\"><span class=\"subtitle-dots\">Team<\/span><\/p><h3 class=\"section-title\">Our Expertise<\/h3><\/div><!-- .title-wrap --><div class=\"section-description\"><\/div><!-- .section-description --><\/div><!-- .section-title-wrapper -->\t\t<\/div>\n\t\t\t\t<\/div>\n\t\t\t\t<div class=\"elementor-element elementor-element-3b625304 elementor-widget elementor-widget-ceateam\" data-id=\"3b625304\" data-element_type=\"widget\" data-widget_type=\"ceateam.default\">\n\t\t\t\t\r\n\t\t<div class=\"elementor-widget-container team-wrapper team-style-classic team-light team-slide-model\">\r\n\t\t\r\n\t\t\t\t\t\t\r\n\t\t<\/div>\r\n\t\t\t\t<\/div>\n\t\t\t\t\t<\/div>\n\t\t<\/div>\n\t\t\t\t\t<\/div>\n\t\t<\/section>\n\t\t<div class=\"elementor-element elementor-element-7dc68c9a e-flex e-con-boxed e-con e-parent\" data-id=\"7dc68c9a\" data-element_type=\"container\" data-settings=\"{&quot;background_background&quot;:&quot;classic&quot;}\">\n\t\t\t\t\t<div class=\"e-con-inner\">\n\t\t\t\t<div class=\"elementor-element elementor-element-6af1132 elementor-widget elementor-widget-heading\" data-id=\"6af1132\" data-element_type=\"widget\" data-widget_type=\"heading.default\">\n\t\t\t\t<div class=\"elementor-widget-container\">\n\t\t\t<h1 class=\"elementor-heading-title elementor-size-default\">Candidature<\/h1>\t\t<\/div>\n\t\t\t\t<\/div>\n\t\t\t\t<div class=\"elementor-element elementor-element-6543c96d elementor-widget elementor-widget-text-editor\" data-id=\"6543c96d\" data-element_type=\"widget\" data-widget_type=\"text-editor.default\">\n\t\t\t\t<div class=\"elementor-widget-container\">\n\t\t\t\t\t\t\t<p><span class=\"diyfeDecoration\">Nous recherchons regulierement :<br \/><\/span><\/p><p><strong>Assistant(e)(s) M\u00e9nager(e)(s)<\/strong><\/p><p><strong>Assistant(e)(s) de vie<\/strong><\/p><p><span class=\"diyfeDecoration\">\u00a0<\/span><\/p>\t\t\t\t\t\t<\/div>\n\t\t\t\t<\/div>\n\t\t\t\t<div class=\"elementor-element elementor-element-48360892 elementor-button-align-center elementor-widget elementor-widget-form\" data-id=\"48360892\" data-element_type=\"widget\" data-settings=\"{&quot;step_next_label&quot;:&quot;Next&quot;,&quot;step_previous_label&quot;:&quot;Previous&quot;,&quot;button_width&quot;:&quot;100&quot;,&quot;step_type&quot;:&quot;number_text&quot;,&quot;step_icon_shape&quot;:&quot;circle&quot;}\" data-widget_type=\"form.default\">\n\t\t\t\t<div class=\"elementor-widget-container\">\n\t\t\t\t\t<form class=\"elementor-form\" method=\"post\" name=\"Contact Form\">\n\t\t\t<input type=\"hidden\" name=\"post_id\" value=\"63925\"\/>\n\t\t\t<input type=\"hidden\" name=\"form_id\" value=\"48360892\"\/>\n\t\t\t<input type=\"hidden\" name=\"referer_title\" value=\"\" \/>\n\n\t\t\t\n\t\t\t<div class=\"elementor-form-fields-wrapper elementor-labels-\">\n\t\t\t\t\t\t\t\t<div class=\"elementor-field-type-text elementor-field-group elementor-column elementor-field-group-name elementor-col-50\">\n\t\t\t\t\t\t\t\t\t\t\t\t<label for=\"form-field-name\" class=\"elementor-field-label elementor-screen-only\">\n\t\t\t\t\t\t\t\tYour Name\t\t\t\t\t\t\t<\/label>\n\t\t\t\t\t\t\t\t\t\t\t\t\t\t<input size=\"1\" type=\"text\" name=\"form_fields[name]\" id=\"form-field-name\" class=\"elementor-field elementor-size-sm  elementor-field-textual\" placeholder=\"Nom\">\n\t\t\t\t\t\t\t\t\t\t\t<\/div>\n\t\t\t\t\t\t\t\t<div class=\"elementor-field-type-email elementor-field-group elementor-column elementor-field-group-email elementor-col-50 elementor-field-required\">\n\t\t\t\t\t\t\t\t\t\t\t\t<label for=\"form-field-email\" class=\"elementor-field-label elementor-screen-only\">\n\t\t\t\t\t\t\t\tYour Email\t\t\t\t\t\t\t<\/label>\n\t\t\t\t\t\t\t\t\t\t\t\t\t\t<input size=\"1\" type=\"email\" name=\"form_fields[email]\" id=\"form-field-email\" class=\"elementor-field elementor-size-sm  elementor-field-textual\" placeholder=\"Email\" required=\"required\" aria-required=\"true\">\n\t\t\t\t\t\t\t\t\t\t\t<\/div>\n\t\t\t\t\t\t\t\t<div class=\"elementor-field-type-tel elementor-field-group elementor-column elementor-field-group-field_6c180a9 elementor-col-50 elementor-field-required\">\n\t\t\t\t\t\t\t\t\t\t\t\t<label for=\"form-field-field_6c180a9\" class=\"elementor-field-label elementor-screen-only\">\n\t\t\t\t\t\t\t\tPhone Number\t\t\t\t\t\t\t<\/label>\n\t\t\t\t\t\t\t\t<input size=\"1\" type=\"tel\" name=\"form_fields[field_6c180a9]\" id=\"form-field-field_6c180a9\" class=\"elementor-field elementor-size-sm  elementor-field-textual\" placeholder=\"T\u00e9l\u00e9phone\" required=\"required\" aria-required=\"true\" pattern=\"[0-9()#&amp;+*-=.]+\" title=\"Seuls les caract\u00e8res de num\u00e9ros de t\u00e9l\u00e9phone (#, -, *, etc.) sont accept\u00e9s.\">\n\n\t\t\t\t\t\t<\/div>\n\t\t\t\t\t\t\t\t<div class=\"elementor-field-type-select elementor-field-group elementor-column elementor-field-group-field_b743cd7 elementor-col-50 elementor-field-required\">\n\t\t\t\t\t\t\t<div class=\"elementor-field elementor-select-wrapper remove-before \">\n\t\t\t<div class=\"select-caret-down-wrapper\">\n\t\t\t\t<svg aria-hidden=\"true\" class=\"e-font-icon-svg e-eicon-caret-down\" viewBox=\"0 0 571.4 571.4\" xmlns=\"http:\/\/www.w3.org\/2000\/svg\"><path d=\"M571 393Q571 407 561 418L311 668Q300 679 286 679T261 668L11 418Q0 407 0 393T11 368 36 357H536Q550 357 561 368T571 393Z\"><\/path><\/svg>\t\t\t<\/div>\n\t\t\t<select name=\"form_fields[field_b743cd7]\" id=\"form-field-field_b743cd7\" class=\"elementor-field-textual elementor-size-sm\" required=\"required\" aria-required=\"true\">\n\t\t\t\t\t\t\t\t\t<option value=\"Assistant(e)(s) M\u00e9nager(e)(s)\">Assistant(e)(s) M\u00e9nager(e)(s)<\/option>\n\t\t\t\t\t\t\t\t\t<option value=\"Assistant(e)(s) de vie\">Assistant(e)(s) de vie<\/option>\n\t\t\t\t\t\t\t<\/select>\n\t\t<\/div>\n\t\t\t\t\t\t<\/div>\n\t\t\t\t\t\t\t\t<div class=\"elementor-field-type-textarea elementor-field-group elementor-column elementor-field-group-message elementor-col-100\">\n\t\t\t\t\t\t\t\t\t\t\t\t<label for=\"form-field-message\" class=\"elementor-field-label elementor-screen-only\">\n\t\t\t\t\t\t\t\tMessage\t\t\t\t\t\t\t<\/label>\n\t\t\t\t\t\t<textarea class=\"elementor-field-textual elementor-field  elementor-size-sm\" name=\"form_fields[message]\" id=\"form-field-message\" rows=\"4\" placeholder=\"Message\"><\/textarea>\t\t\t\t<\/div>\n\t\t\t\t\t\t\t\t<div class=\"elementor-field-group elementor-column elementor-field-type-submit elementor-col-100 e-form__buttons\">\n\t\t\t\t\t<button class=\"elementor-button elementor-size-sm\" type=\"submit\">\n\t\t\t\t\t\t<span class=\"elementor-button-content-wrapper\">\n\t\t\t\t\t\t\t\t\t\t\t\t\t\t\t\t\t\t\t\t\t\t<span class=\"elementor-button-text\">Envoyer le formulaire<\/span>\n\t\t\t\t\t\t\t\t\t\t\t\t\t<\/span>\n\t\t\t\t\t<\/button>\n\t\t\t\t<\/div>\n\t\t\t<\/div>\n\t\t<\/form>\n\t\t\t\t<\/div>\n\t\t\t\t<\/div>\n\t\t\t\t\t<\/div>\n\t\t\t\t<\/div>\n\t\t\t\t<\/div>\n\t\t","protected":false},"excerpt":{"rendered":"<p>Notre \u00e9quipe Chez MilleServices, notre \u00e9quipe est compos\u00e9e de professionnels qualifi\u00e9s, passionn\u00e9s et d\u00e9vou\u00e9s \u00e0 l&rsquo;accompagnement des personnes \u00e2g\u00e9es et d\u00e9pendantes. Serge Metayer G\u00e9rant chez MILLE SERVICES Antoine Metayer \u00c9tudiant \u00e0 l&rsquo;IHECF de Chamb\u00e9ry Charlotte Metayer \u00c9tudiante en Fac de droit \u00e0 Rennes Manon Noezian coordinatrice d&rsquo;agence Fanny Dabernardi En..<\/p>\n","protected":false},"author":1,"featured_media":0,"parent":0,"menu_order":0,"comment_status":"closed","ping_status":"closed","template":"","meta":{"footnotes":""},"class_list":["post-63925","page","type-page","status-publish","hentry"],"_links":{"self":[{"href":"https:\/\/milleservices.sovemedia.com\/index.php?rest_route=\/wp\/v2\/pages\/63925"}],"collection":[{"href":"https:\/\/milleservices.sovemedia.com\/index.php?rest_route=\/wp\/v2\/pages"}],"about":[{"href":"https:\/\/milleservices.sovemedia.com\/index.php?rest_route=\/wp\/v2\/types\/page"}],"author":[{"embeddable":true,"href":"https:\/\/milleservices.sovemedia.com\/index.php?rest_route=\/wp\/v2\/users\/1"}],"replies":[{"embeddable":true,"href":"https:\/\/milleservices.sovemedia.com\/index.php?rest_route=%2Fwp%2Fv2%2Fcomments&post=63925"}],"version-history":[{"count":13,"href":"https:\/\/milleservices.sovemedia.com\/index.php?rest_route=\/wp\/v2\/pages\/63925\/revisions"}],"predecessor-version":[{"id":64087,"href":"https:\/\/milleservices.sovemedia.com\/index.php?rest_route=\/wp\/v2\/pages\/63925\/revisions\/64087"}],"wp:attachment":[{"href":"https:\/\/milleservices.sovemedia.com\/index.php?rest_route=%2Fwp%2Fv2%2Fmedia&parent=63925"}],"curies":[{"name":"wp","href":"https:\/\/api.w.org\/{rel}","templated":true}]}}