{"id":63924,"date":"2024-07-15T11:04:00","date_gmt":"2024-07-15T11:04:00","guid":{"rendered":"https:\/\/wordpress.zozothemes.com\/grankare\/?page_id=63924"},"modified":"2024-10-12T09:06:16","modified_gmt":"2024-10-12T09:06:16","slug":"nos-prestations","status":"publish","type":"page","link":"https:\/\/milleservices.sovemedia.com\/?page_id=63924","title":{"rendered":"Nos Prestations"},"content":{"rendered":"\t\t<div data-elementor-type=\"wp-page\" data-elementor-id=\"63924\" class=\"elementor elementor-63924\" data-elementor-post-type=\"page\">\n\t\t\t\t<div class=\"elementor-element elementor-element-aef19f7 e-grid e-con-full e-con e-parent\" data-id=\"aef19f7\" data-element_type=\"container\">\n\t\t<div class=\"elementor-element elementor-element-b447a4d e-con-full e-flex e-con e-child\" data-id=\"b447a4d\" data-element_type=\"container\">\n\t\t\t\t<div class=\"elementor-element elementor-element-9ff60f3 elementor-widget elementor-widget-image\" data-id=\"9ff60f3\" data-element_type=\"widget\" data-widget_type=\"image.default\">\n\t\t\t\t<div class=\"elementor-widget-container\">\n\t\t\t\t\t\t\t\t\t\t\t\t\t<img fetchpriority=\"high\" decoding=\"async\" width=\"500\" height=\"334\" src=\"https:\/\/milleservices.sovemedia.com\/wp-content\/uploads\/2024\/10\/shutterstock_613711001.jpg\" class=\"attachment-large size-large wp-image-64002\" alt=\"\" \/>\t\t\t\t\t\t\t\t\t\t\t\t\t<\/div>\n\t\t\t\t<\/div>\n\t\t\t\t<div class=\"elementor-element elementor-element-bd1bad2 elementor-widget elementor-widget-heading\" data-id=\"bd1bad2\" data-element_type=\"widget\" data-widget_type=\"heading.default\">\n\t\t\t\t<div class=\"elementor-widget-container\">\n\t\t\t<h3 class=\"elementor-heading-title elementor-size-default\">Petits travaux de jardinage<\/h3>\t\t<\/div>\n\t\t\t\t<\/div>\n\t\t\t\t<\/div>\n\t\t<div class=\"elementor-element elementor-element-6299e7a e-con-full e-flex e-con e-child\" data-id=\"6299e7a\" data-element_type=\"container\">\n\t\t\t\t<div class=\"elementor-element elementor-element-5d0d905 elementor-widget elementor-widget-image\" data-id=\"5d0d905\" data-element_type=\"widget\" data-widget_type=\"image.default\">\n\t\t\t\t<div class=\"elementor-widget-container\">\n\t\t\t\t\t\t\t\t\t\t\t\t\t<img decoding=\"async\" width=\"1140\" height=\"676\" src=\"https:\/\/milleservices.sovemedia.com\/wp-content\/uploads\/2024\/10\/soutien-scolaire-cours-a-domicile-1170x694.webp\" class=\"attachment-large size-large wp-image-64003\" alt=\"\" srcset=\"https:\/\/milleservices.sovemedia.com\/wp-content\/uploads\/2024\/10\/soutien-scolaire-cours-a-domicile-1170x694.webp 1170w, https:\/\/milleservices.sovemedia.com\/wp-content\/uploads\/2024\/10\/soutien-scolaire-cours-a-domicile-768x456.webp 768w\" sizes=\"(max-width: 1140px) 100vw, 1140px\" \/>\t\t\t\t\t\t\t\t\t\t\t\t\t<\/div>\n\t\t\t\t<\/div>\n\t\t\t\t<div class=\"elementor-element elementor-element-e945a7a elementor-widget elementor-widget-heading\" data-id=\"e945a7a\" data-element_type=\"widget\" data-widget_type=\"heading.default\">\n\t\t\t\t<div class=\"elementor-widget-container\">\n\t\t\t<h2 class=\"elementor-heading-title elementor-size-default\">Cours \u00e0 domicile (hors soutien scolaire)<\/h2>\t\t<\/div>\n\t\t\t\t<\/div>\n\t\t\t\t<\/div>\n\t\t<div class=\"elementor-element elementor-element-9f3a733 e-con-full e-flex e-con e-child\" data-id=\"9f3a733\" data-element_type=\"container\">\n\t\t\t\t<div class=\"elementor-element elementor-element-7b20fc1 elementor-widget elementor-widget-image\" data-id=\"7b20fc1\" data-element_type=\"widget\" data-widget_type=\"image.default\">\n\t\t\t\t<div class=\"elementor-widget-container\">\n\t\t\t\t\t\t\t\t\t\t\t\t\t<img decoding=\"async\" width=\"1000\" height=\"675\" src=\"https:\/\/milleservices.sovemedia.com\/wp-content\/uploads\/2024\/10\/aide-menagere_Albi19.jpg\" class=\"attachment-large size-large wp-image-63995\" alt=\"\" srcset=\"https:\/\/milleservices.sovemedia.com\/wp-content\/uploads\/2024\/10\/aide-menagere_Albi19.jpg 1000w, https:\/\/milleservices.sovemedia.com\/wp-content\/uploads\/2024\/10\/aide-menagere_Albi19-768x518.jpg 768w\" sizes=\"(max-width: 1000px) 100vw, 1000px\" \/>\t\t\t\t\t\t\t\t\t\t\t\t\t<\/div>\n\t\t\t\t<\/div>\n\t\t\t\t<div class=\"elementor-element elementor-element-1ecccff elementor-widget elementor-widget-heading\" data-id=\"1ecccff\" data-element_type=\"widget\" data-widget_type=\"heading.default\">\n\t\t\t\t<div class=\"elementor-widget-container\">\n\t\t\t<h2 class=\"elementor-heading-title elementor-size-default\">Assistance informatique et internet \u00e0 domicile<\/h2>\t\t<\/div>\n\t\t\t\t<\/div>\n\t\t\t\t<\/div>\n\t\t<div class=\"elementor-element elementor-element-3c01fb8 e-con-full e-flex e-con e-child\" data-id=\"3c01fb8\" data-element_type=\"container\">\n\t\t\t\t<div class=\"elementor-element elementor-element-5c253b0 elementor-widget elementor-widget-image\" data-id=\"5c253b0\" data-element_type=\"widget\" data-widget_type=\"image.default\">\n\t\t\t\t<div class=\"elementor-widget-container\">\n\t\t\t\t\t\t\t\t\t\t\t\t\t<img loading=\"lazy\" decoding=\"async\" width=\"700\" height=\"467\" src=\"https:\/\/milleservices.sovemedia.com\/wp-content\/uploads\/2024\/10\/e13a64a2-480f-4b46-800c-7a37a6376ede.jpg\" class=\"attachment-large size-large wp-image-63997\" alt=\"\" \/>\t\t\t\t\t\t\t\t\t\t\t\t\t<\/div>\n\t\t\t\t<\/div>\n\t\t\t\t<div class=\"elementor-element elementor-element-55d7126 elementor-widget elementor-widget-heading\" data-id=\"55d7126\" data-element_type=\"widget\" data-widget_type=\"heading.default\">\n\t\t\t\t<div class=\"elementor-widget-container\">\n\t\t\t<h2 class=\"elementor-heading-title elementor-size-default\">Soins d'esth\u00e9tique \u00e0 domicile<\/h2>\t\t<\/div>\n\t\t\t\t<\/div>\n\t\t\t\t<\/div>\n\t\t<div class=\"elementor-element elementor-element-c72d766 e-con-full e-flex e-con e-child\" data-id=\"c72d766\" data-element_type=\"container\">\n\t\t\t\t<div class=\"elementor-element elementor-element-7212162 elementor-widget elementor-widget-image\" data-id=\"7212162\" data-element_type=\"widget\" data-widget_type=\"image.default\">\n\t\t\t\t<div class=\"elementor-widget-container\">\n\t\t\t\t\t\t\t\t\t\t\t\t\t<img loading=\"lazy\" decoding=\"async\" width=\"480\" height=\"320\" src=\"https:\/\/milleservices.sovemedia.com\/wp-content\/uploads\/2024\/10\/Clarity-Soins-et-promenades-danimaux-de-compagnie-pour-les-personnes-dependantes-1.webp\" class=\"attachment-large size-large wp-image-63996\" alt=\"\" \/>\t\t\t\t\t\t\t\t\t\t\t\t\t<\/div>\n\t\t\t\t<\/div>\n\t\t\t\t<div class=\"elementor-element elementor-element-b147060 elementor-widget elementor-widget-heading\" data-id=\"b147060\" data-element_type=\"widget\" data-widget_type=\"heading.default\">\n\t\t\t\t<div class=\"elementor-widget-container\">\n\t\t\t<h2 class=\"elementor-heading-title elementor-size-default\">Soins et promenades d'animaux de compagnie<\/h2>\t\t<\/div>\n\t\t\t\t<\/div>\n\t\t\t\t<\/div>\n\t\t<div class=\"elementor-element elementor-element-3ab12b9 e-con-full e-flex e-con e-child\" data-id=\"3ab12b9\" data-element_type=\"container\">\n\t\t\t\t<div class=\"elementor-element elementor-element-6785271 elementor-widget elementor-widget-image\" data-id=\"6785271\" data-element_type=\"widget\" data-widget_type=\"image.default\">\n\t\t\t\t<div class=\"elementor-widget-container\">\n\t\t\t\t\t\t\t\t\t\t\t\t\t<img loading=\"lazy\" decoding=\"async\" width=\"900\" height=\"600\" src=\"https:\/\/milleservices.sovemedia.com\/wp-content\/uploads\/2024\/10\/FAMILYS-HOME-garde-enfants-soutien-scolaire-2-8.jpg\" class=\"attachment-large size-large wp-image-63998\" alt=\"\" srcset=\"https:\/\/milleservices.sovemedia.com\/wp-content\/uploads\/2024\/10\/FAMILYS-HOME-garde-enfants-soutien-scolaire-2-8.jpg 900w, https:\/\/milleservices.sovemedia.com\/wp-content\/uploads\/2024\/10\/FAMILYS-HOME-garde-enfants-soutien-scolaire-2-8-768x512.jpg 768w\" sizes=\"(max-width: 900px) 100vw, 900px\" \/>\t\t\t\t\t\t\t\t\t\t\t\t\t<\/div>\n\t\t\t\t<\/div>\n\t\t\t\t<div class=\"elementor-element elementor-element-cb5a512 elementor-widget elementor-widget-heading\" data-id=\"cb5a512\" data-element_type=\"widget\" data-widget_type=\"heading.default\">\n\t\t\t\t<div class=\"elementor-widget-container\">\n\t\t\t<h2 class=\"elementor-heading-title elementor-size-default\">Garde d'enfants et soutien scolaire \u00e0 domicile<\/h2>\t\t<\/div>\n\t\t\t\t<\/div>\n\t\t\t\t<\/div>\n\t\t<div class=\"elementor-element elementor-element-8522a15 e-con-full e-flex e-con e-child\" data-id=\"8522a15\" data-element_type=\"container\">\n\t\t\t\t<div class=\"elementor-element elementor-element-8ef46af elementor-widget elementor-widget-image\" data-id=\"8ef46af\" data-element_type=\"widget\" data-widget_type=\"image.default\">\n\t\t\t\t<div class=\"elementor-widget-container\">\n\t\t\t\t\t\t\t\t\t\t\t\t\t<img loading=\"lazy\" decoding=\"async\" width=\"800\" height=\"533\" src=\"https:\/\/milleservices.sovemedia.com\/wp-content\/uploads\/2024\/10\/repassage-linge-domicile.jpg\" class=\"attachment-large size-large wp-image-64001\" alt=\"\" srcset=\"https:\/\/milleservices.sovemedia.com\/wp-content\/uploads\/2024\/10\/repassage-linge-domicile.jpg 800w, https:\/\/milleservices.sovemedia.com\/wp-content\/uploads\/2024\/10\/repassage-linge-domicile-768x512.jpg 768w\" sizes=\"(max-width: 800px) 100vw, 800px\" \/>\t\t\t\t\t\t\t\t\t\t\t\t\t<\/div>\n\t\t\t\t<\/div>\n\t\t\t\t<div class=\"elementor-element elementor-element-dec347a elementor-widget elementor-widget-heading\" data-id=\"dec347a\" data-element_type=\"widget\" data-widget_type=\"heading.default\">\n\t\t\t\t<div class=\"elementor-widget-container\">\n\t\t\t<h2 class=\"elementor-heading-title elementor-size-default\">Collecte et livraison \u00e0 domicile de linge repass\u00e9<\/h2>\t\t<\/div>\n\t\t\t\t<\/div>\n\t\t\t\t<\/div>\n\t\t<div class=\"elementor-element elementor-element-d0494cc e-con-full e-flex e-con e-child\" data-id=\"d0494cc\" data-element_type=\"container\">\n\t\t\t\t<div class=\"elementor-element elementor-element-af6bf42 elementor-widget elementor-widget-image\" data-id=\"af6bf42\" data-element_type=\"widget\" data-widget_type=\"image.default\">\n\t\t\t\t<div class=\"elementor-widget-container\">\n\t\t\t\t\t\t\t\t\t\t\t\t\t<img loading=\"lazy\" decoding=\"async\" width=\"600\" height=\"370\" src=\"https:\/\/milleservices.sovemedia.com\/wp-content\/uploads\/2024\/10\/Landing-Preparation-des-Repas-Petits-fils.jpg\" class=\"attachment-large size-large wp-image-64000\" alt=\"\" \/>\t\t\t\t\t\t\t\t\t\t\t\t\t<\/div>\n\t\t\t\t<\/div>\n\t\t\t\t<div class=\"elementor-element elementor-element-de70db4 elementor-widget elementor-widget-heading\" data-id=\"de70db4\" data-element_type=\"widget\" data-widget_type=\"heading.default\">\n\t\t\t\t<div class=\"elementor-widget-container\">\n\t\t\t<h2 class=\"elementor-heading-title elementor-size-default\">Pr\u00e9paration et livraison de repas \u00e0 domicile<\/h2>\t\t<\/div>\n\t\t\t\t<\/div>\n\t\t\t\t<\/div>\n\t\t<div class=\"elementor-element elementor-element-1936e4f e-con-full e-flex e-con e-child\" data-id=\"1936e4f\" data-element_type=\"container\">\n\t\t\t\t<div class=\"elementor-element elementor-element-28dc5f1 elementor-widget elementor-widget-image\" data-id=\"28dc5f1\" data-element_type=\"widget\" data-widget_type=\"image.default\">\n\t\t\t\t<div class=\"elementor-widget-container\">\n\t\t\t\t\t\t\t\t\t\t\t\t\t<img loading=\"lazy\" decoding=\"async\" width=\"600\" height=\"400\" src=\"https:\/\/milleservices.sovemedia.com\/wp-content\/uploads\/2024\/10\/image_4882838b98723c668b46e601f6fef8a1.webp\" class=\"attachment-large size-large wp-image-63999\" alt=\"\" \/>\t\t\t\t\t\t\t\t\t\t\t\t\t<\/div>\n\t\t\t\t<\/div>\n\t\t\t\t<div class=\"elementor-element elementor-element-e7d04ba elementor-widget elementor-widget-heading\" data-id=\"e7d04ba\" data-element_type=\"widget\" data-widget_type=\"heading.default\">\n\t\t\t\t<div class=\"elementor-widget-container\">\n\t\t\t<h2 class=\"elementor-heading-title elementor-size-default\">Accompagnement d'enfants dans leurs d\u00e9placements<\/h2>\t\t<\/div>\n\t\t\t\t<\/div>\n\t\t\t\t<\/div>\n\t\t<div class=\"elementor-element elementor-element-20e4442 e-con-full e-flex e-con e-child\" data-id=\"20e4442\" data-element_type=\"container\">\n\t\t\t\t<div class=\"elementor-element elementor-element-0d5135f elementor-widget elementor-widget-image\" data-id=\"0d5135f\" data-element_type=\"widget\" data-widget_type=\"image.default\">\n\t\t\t\t<div class=\"elementor-widget-container\">\n\t\t\t\t\t\t\t\t\t\t\t\t\t<img loading=\"lazy\" decoding=\"async\" width=\"1140\" height=\"676\" src=\"https:\/\/milleservices.sovemedia.com\/wp-content\/uploads\/2024\/10\/administratif-1170x694.webp\" class=\"attachment-large size-large wp-image-63994\" alt=\"\" srcset=\"https:\/\/milleservices.sovemedia.com\/wp-content\/uploads\/2024\/10\/administratif-1170x694.webp 1170w, https:\/\/milleservices.sovemedia.com\/wp-content\/uploads\/2024\/10\/administratif-768x456.webp 768w\" sizes=\"(max-width: 1140px) 100vw, 1140px\" \/>\t\t\t\t\t\t\t\t\t\t\t\t\t<\/div>\n\t\t\t\t<\/div>\n\t\t\t\t<div class=\"elementor-element elementor-element-9611df7 elementor-widget elementor-widget-heading\" data-id=\"9611df7\" data-element_type=\"widget\" data-widget_type=\"heading.default\">\n\t\t\t\t<div class=\"elementor-widget-container\">\n\t\t\t<h2 class=\"elementor-heading-title elementor-size-default\">Assistance administrative \u00e0 domicile<\/h2>\t\t<\/div>\n\t\t\t\t<\/div>\n\t\t\t\t<\/div>\n\t\t\t\t<\/div>\n\t\t\t\t<section class=\"elementor-section elementor-top-section elementor-element elementor-element-7d00f5c elementor-section-stretched elementor-section-boxed elementor-section-height-default elementor-section-height-default\" data-id=\"7d00f5c\" data-element_type=\"section\" data-settings=\"{&quot;background_background&quot;:&quot;classic&quot;,&quot;stretch_section&quot;:&quot;section-stretched&quot;}\">\n\t\t\t\t\t\t\t<div class=\"elementor-background-overlay\"><\/div>\n\t\t\t\t\t\t\t<div class=\"elementor-container elementor-column-gap-wide\">\n\t\t\t\t\t<div class=\"elementor-column elementor-col-100 elementor-top-column elementor-element elementor-element-2e08c639\" data-id=\"2e08c639\" data-element_type=\"column\">\n\t\t\t<div class=\"elementor-widget-wrap\">\n\t\t\t\t\t\t\t<\/div>\n\t\t<\/div>\n\t\t\t\t\t<\/div>\n\t\t<\/section>\n\t\t\t\t<section class=\"elementor-section elementor-top-section elementor-element elementor-element-4e35c776 elementor-section-content-middle elementor-section-boxed elementor-section-height-default elementor-section-height-default\" data-id=\"4e35c776\" data-element_type=\"section\" data-settings=\"{&quot;background_background&quot;:&quot;classic&quot;}\">\n\t\t\t\t\t\t\t<div class=\"elementor-background-overlay\"><\/div>\n\t\t\t\t\t\t\t<div class=\"elementor-container elementor-column-gap-wide\">\n\t\t\t\t\t<div class=\"elementor-column elementor-col-33 elementor-top-column elementor-element elementor-element-4a698ffa\" data-id=\"4a698ffa\" data-element_type=\"column\">\n\t\t\t<div class=\"elementor-widget-wrap elementor-element-populated\">\n\t\t\t\t\t\t<div class=\"elementor-element elementor-element-2aafd75a elementor-widget elementor-widget-image\" data-id=\"2aafd75a\" data-element_type=\"widget\" data-widget_type=\"image.default\">\n\t\t\t\t<div class=\"elementor-widget-container\">\n\t\t\t\t\t\t\t\t\t\t\t\t\t<img loading=\"lazy\" decoding=\"async\" width=\"768\" height=\"456\" src=\"https:\/\/milleservices.sovemedia.com\/wp-content\/uploads\/2024\/10\/452846986_870634318458559_7209024096986326320_n-1-768x456.jpg\" class=\"attachment-medium size-medium wp-image-64020\" alt=\"\" srcset=\"https:\/\/milleservices.sovemedia.com\/wp-content\/uploads\/2024\/10\/452846986_870634318458559_7209024096986326320_n-1-768x456.jpg 768w, https:\/\/milleservices.sovemedia.com\/wp-content\/uploads\/2024\/10\/452846986_870634318458559_7209024096986326320_n-1-1170x694.jpg 1170w\" sizes=\"(max-width: 768px) 100vw, 768px\" \/>\t\t\t\t\t\t\t\t\t\t\t\t\t<\/div>\n\t\t\t\t<\/div>\n\t\t\t\t\t<\/div>\n\t\t<\/div>\n\t\t\t\t<div class=\"elementor-column elementor-col-33 elementor-top-column elementor-element elementor-element-5da8dc05\" data-id=\"5da8dc05\" data-element_type=\"column\">\n\t\t\t<div class=\"elementor-widget-wrap elementor-element-populated\">\n\t\t\t\t\t\t<div class=\"elementor-element elementor-element-6904a154 cea-align-left elementor-widget__width-auto elementor-widget elementor-widget-ceasectiontitle\" data-id=\"6904a154\" data-element_type=\"widget\" data-widget_type=\"ceasectiontitle.default\">\n\t\t\t\t<div class=\"elementor-widget-container\">\n\t\t\t<div class=\"section-title-wrapper\"><div class=\"title-wrap\"><h2 class=\"section-title\">Les petites mains de votre quotidien<\/h2><\/div><!-- .title-wrap --><div class=\"section-description\"><\/div><!-- .section-description --><\/div><!-- .section-title-wrapper -->\t\t<\/div>\n\t\t\t\t<\/div>\n\t\t\t\t\t<\/div>\n\t\t<\/div>\n\t\t\t\t<div class=\"elementor-column elementor-col-33 elementor-top-column elementor-element elementor-element-1d3ceca0\" data-id=\"1d3ceca0\" data-element_type=\"column\">\n\t\t\t<div class=\"elementor-widget-wrap elementor-element-populated\">\n\t\t\t\t\t\t<div class=\"elementor-element elementor-element-22003719 elementor-widget elementor-widget-ceabutton\" data-id=\"22003719\" data-element_type=\"widget\" data-widget_type=\"ceabutton.default\">\n\t\t\t\t<div class=\"elementor-widget-container cea-button-wrapper\">\r\n\t\t\t\t\t<div class=\"cea-button-wrapper\">\r\n\t\t\t<a href=\"https:\/\/wordpress.zozothemes.com\/grankare\/contact-us\/\" class=\"cea-button-link elementor-button cea-button elementor-size-sm\">\r\n\t\t\t\t\t\t<span class=\"cea-button-content-wrapper\">\r\n\t\t\t\t\t\t<span class=\"cea-button-icon cea-align-icon-right\">\r\n\t\t\t\t<i aria-hidden=\"true\" class=\" bi-arrow-up-right\"><\/i>\t\t\t<\/span>\r\n\t\t\t\t\t\t<span class=\"cea-button-text\">Nous contacter<\/span>\r\n\t\t<\/span>\r\n\t\t\t\t\t<\/a>\r\n\t\t<\/div>\r\n\t\t\t\t<\/div>\r\n\t\t\t\t<\/div>\n\t\t\t\t\t<\/div>\n\t\t<\/div>\n\t\t\t\t\t<\/div>\n\t\t<\/section>\n\t\t\t\t<\/div>\n\t\t","protected":false},"excerpt":{"rendered":"<p>Petits travaux de jardinage Cours \u00e0 domicile (hors soutien scolaire) Assistance informatique et internet \u00e0 domicile Soins d&rsquo;esth\u00e9tique \u00e0 domicile Soins et promenades d&rsquo;animaux de compagnie Garde d&rsquo;enfants et soutien scolaire \u00e0 domicile Collecte et livraison \u00e0 domicile de linge repass\u00e9 Pr\u00e9paration et livraison de repas \u00e0 domicile Accompagnement d&rsquo;enfants..<\/p>\n","protected":false},"author":1,"featured_media":0,"parent":0,"menu_order":0,"comment_status":"closed","ping_status":"closed","template":"","meta":{"footnotes":""},"class_list":["post-63924","page","type-page","status-publish","hentry"],"_links":{"self":[{"href":"https:\/\/milleservices.sovemedia.com\/index.php?rest_route=\/wp\/v2\/pages\/63924"}],"collection":[{"href":"https:\/\/milleservices.sovemedia.com\/index.php?rest_route=\/wp\/v2\/pages"}],"about":[{"href":"https:\/\/milleservices.sovemedia.com\/index.php?rest_route=\/wp\/v2\/types\/page"}],"author":[{"embeddable":true,"href":"https:\/\/milleservices.sovemedia.com\/index.php?rest_route=\/wp\/v2\/users\/1"}],"replies":[{"embeddable":true,"href":"https:\/\/milleservices.sovemedia.com\/index.php?rest_route=%2Fwp%2Fv2%2Fcomments&post=63924"}],"version-history":[{"count":26,"href":"https:\/\/milleservices.sovemedia.com\/index.php?rest_route=\/wp\/v2\/pages\/63924\/revisions"}],"predecessor-version":[{"id":64063,"href":"https:\/\/milleservices.sovemedia.com\/index.php?rest_route=\/wp\/v2\/pages\/63924\/revisions\/64063"}],"wp:attachment":[{"href":"https:\/\/milleservices.sovemedia.com\/index.php?rest_route=%2Fwp%2Fv2%2Fmedia&parent=63924"}],"curies":[{"name":"wp","href":"https:\/\/api.w.org\/{rel}","templated":true}]}}